{"id":20,"date":"2017-05-18T08:22:44","date_gmt":"2017-05-18T08:22:44","guid":{"rendered":"http:\/\/drewnoopalowe.com\/?page_id=20"},"modified":"2019-07-04T07:44:18","modified_gmt":"2019-07-04T07:44:18","slug":"oferta-pracy","status":"publish","type":"page","link":"http:\/\/drewnoopalowe.com\/?page_id=20","title":{"rendered":"Oferta pracy"},"content":{"rendered":"<p>Poszukujemy pracownik\u00f3w na nast\u0119puj\u0105ce stanowiska:<\/p>\n<ol>\n<li><strong>Operator traka ta\u015bmowego<\/strong><\/li>\n<\/ol>\n<p>Wymagania:<\/p>\n<p>Do\u015bwiadczenie zawodowe na powy\u017cszym stanowisku.<\/p>\n<p>Obowi\u0105zki pracownika:<\/p>\n<p>Obs\u0142uga traka ta\u015bmowego, przygotowanie surowca do przetarcia.<\/p>\n<ul>\n<li><strong>Operator pi\u0142o-\u0142uparki<\/strong><\/li>\n<\/ul>\n<p>Wymagania:<\/p>\n<p>Do\u015bwiadczenie zawodowe w pracy w tartaku lub bran\u017cy drzewnej.<\/p>\n<p>Obowi\u0105zki pracownika:<\/p>\n<p>Obs\u0142uga maszyn do produkcji drewna opa\u0142owego.<\/p>\n<ul>\n<li><strong>Pracownik fizyczny<\/strong><\/li>\n<\/ul>\n<p>Wymagania:<\/p>\n<p>Do\u015bwiadczenie zawodowe w bran\u017cy drzewnej.<\/p>\n<p>Obowi\u0105zki pracownika:<\/p>\n<p>Wykonywanie prac fizycznych.<\/p>\n<p>&nbsp;<\/p>\n<p>Oferujemy sta\u0142\u0105, stabiln\u0105 prac\u0119 na powy\u017cszych stanowiskach. Poszukujemy pracownik\u00f3w kt\u00f3rzy zainteresowani s\u0105 tylko d\u0142u\u017csz\u0105 wsp\u00f3\u0142prac\u0105.<\/p>\n<p>Miejsce pracy Nienadowa (gm. Dubiecko). Warunki zatrudnienia do uzgodnienia. Wi\u0119cej informacji pod nr tel. <strong>507&nbsp;671 781<\/strong>. Adres do korespondencji <strong>trak2@interia.pl<\/strong><\/p>\n","protected":false},"excerpt":{"rendered":"<p>Poszukujemy pracownik\u00f3w na nast\u0119puj\u0105ce stanowiska: Operator traka ta\u015bmowego Wymagania: Do\u015bwiadczenie zawodowe na powy\u017cszym stanowisku. Obowi\u0105zki pracownika: Obs\u0142uga traka ta\u015bmowego, przygotowanie surowca do przetarcia. Operator pi\u0142o-\u0142uparki Wymagania: Do\u015bwiadczenie zawodowe w pracy w tartaku lub bran\u017cy drzewnej. Obowi\u0105zki pracownika: Obs\u0142uga maszyn do &hellip; <a href=\"http:\/\/drewnoopalowe.com\/?page_id=20\">Continue reading <span class=\"meta-nav\">&rarr;<\/span><\/a><\/p>\n","protected":false},"author":1,"featured_media":0,"parent":0,"menu_order":0,"comment_status":"closed","ping_status":"closed","template":"","meta":[],"_links":{"self":[{"href":"http:\/\/drewnoopalowe.com\/index.php?rest_route=\/wp\/v2\/pages\/20"}],"collection":[{"href":"http:\/\/drewnoopalowe.com\/index.php?rest_route=\/wp\/v2\/pages"}],"about":[{"href":"http:\/\/drewnoopalowe.com\/index.php?rest_route=\/wp\/v2\/types\/page"}],"author":[{"embeddable":true,"href":"http:\/\/drewnoopalowe.com\/index.php?rest_route=\/wp\/v2\/users\/1"}],"replies":[{"embeddable":true,"href":"http:\/\/drewnoopalowe.com\/index.php?rest_route=%2Fwp%2Fv2%2Fcomments&post=20"}],"version-history":[{"count":7,"href":"http:\/\/drewnoopalowe.com\/index.php?rest_route=\/wp\/v2\/pages\/20\/revisions"}],"predecessor-version":[{"id":178,"href":"http:\/\/drewnoopalowe.com\/index.php?rest_route=\/wp\/v2\/pages\/20\/revisions\/178"}],"wp:attachment":[{"href":"http:\/\/drewnoopalowe.com\/index.php?rest_route=%2Fwp%2Fv2%2Fmedia&parent=20"}],"curies":[{"name":"wp","href":"https:\/\/api.w.org\/{rel}","templated":true}]}}