{"id":2,"date":"2017-05-17T12:37:37","date_gmt":"2017-05-17T12:37:37","guid":{"rendered":"http:\/\/drewnoopalowe.com\/?page_id=2"},"modified":"2020-08-28T07:21:52","modified_gmt":"2020-08-28T07:21:52","slug":"about","status":"publish","type":"page","link":"http:\/\/drewnoopalowe.com\/","title":{"rendered":"O firmie"},"content":{"rendered":"<p align=\"justify\">Przedsi\u0119biorstwo TRAK 2 dzia\u0142a na rynku drzewnym od kilkunastu lat. G\u0142\u00f3wnym produktem sprzedawanym przez nasz\u0105 firm\u0119 jest drewno opa\u0142owe, oferujemy r\u00f3wnie\u017c tarcic\u0119 such\u0105 i \u015bwie\u017c\u0105 d\u0119bow\u0105, jesionow\u0105, bukow\u0105, fryzy, graniaki i inne wyroby tartaczne.<\/p>\n<p>Zak\u0142ad TRAK 2 posiada nowoczesny park maszynowy, dzi\u0119ki kt\u00f3remu mo\u017cemy zaoferowa\u0107 drewno opa\u0142owe w r\u00f3\u017cnej postaci: gotowego produktu pakowanego na paletach lub w worki raszlowe, dostarczanego luzem do klienta a tak\u017ce jako surowiec drzewny z przeznaczeniem na opa\u0142.<\/p>\n<p>Zajmujemy si\u0119 r\u00f3wnie\u017c produkcj\u0105 tarcicy li\u015bciastej oraz element\u00f3w drewnianych. Oferowane produkty suszymy w nowoczesnych suszarniach pr\u00f3\u017cniowych, dzi\u0119ki czemu mo\u017cemy zaoferowa\u0107 such\u0105 tarcic\u0119 oraz elementy drewniane najwy\u017cszej jako\u015bci.<\/p>\n","protected":false},"excerpt":{"rendered":"<p>Przedsi\u0119biorstwo TRAK 2 dzia\u0142a na rynku drzewnym od kilkunastu lat. G\u0142\u00f3wnym produktem sprzedawanym przez nasz\u0105 firm\u0119 jest drewno opa\u0142owe, oferujemy r\u00f3wnie\u017c tarcic\u0119 such\u0105 i \u015bwie\u017c\u0105 d\u0119bow\u0105, jesionow\u0105, bukow\u0105, fryzy, graniaki i inne wyroby tartaczne. Zak\u0142ad TRAK 2 posiada nowoczesny park &hellip; <a href=\"http:\/\/drewnoopalowe.com\/\">Continue reading <span class=\"meta-nav\">&rarr;<\/span><\/a><\/p>\n","protected":false},"author":1,"featured_media":0,"parent":0,"menu_order":0,"comment_status":"closed","ping_status":"closed","template":"","meta":[],"_links":{"self":[{"href":"http:\/\/drewnoopalowe.com\/index.php?rest_route=\/wp\/v2\/pages\/2"}],"collection":[{"href":"http:\/\/drewnoopalowe.com\/index.php?rest_route=\/wp\/v2\/pages"}],"about":[{"href":"http:\/\/drewnoopalowe.com\/index.php?rest_route=\/wp\/v2\/types\/page"}],"author":[{"embeddable":true,"href":"http:\/\/drewnoopalowe.com\/index.php?rest_route=\/wp\/v2\/users\/1"}],"replies":[{"embeddable":true,"href":"http:\/\/drewnoopalowe.com\/index.php?rest_route=%2Fwp%2Fv2%2Fcomments&post=2"}],"version-history":[{"count":11,"href":"http:\/\/drewnoopalowe.com\/index.php?rest_route=\/wp\/v2\/pages\/2\/revisions"}],"predecessor-version":[{"id":185,"href":"http:\/\/drewnoopalowe.com\/index.php?rest_route=\/wp\/v2\/pages\/2\/revisions\/185"}],"wp:attachment":[{"href":"http:\/\/drewnoopalowe.com\/index.php?rest_route=%2Fwp%2Fv2%2Fmedia&parent=2"}],"curies":[{"name":"wp","href":"https:\/\/api.w.org\/{rel}","templated":true}]}}