{"id":14,"date":"2017-05-18T08:20:45","date_gmt":"2017-05-18T08:20:45","guid":{"rendered":"http:\/\/drewnoopalowe.com\/?page_id=14"},"modified":"2025-11-16T08:11:51","modified_gmt":"2025-11-16T08:11:51","slug":"cennik","status":"publish","type":"page","link":"http:\/\/drewnoopalowe.com\/?page_id=14","title":{"rendered":"Cennik"},"content":{"rendered":"<p><strong>Drewno opa\u0142owe poci\u0119te i po\u0142upane na dowolny wymiar:<\/strong><\/p>\n<p>&#8211; Buk poci\u0119te i po\u0142upane \u2013 300 z\u0142\/mp nasypowy<\/p>\n<p>&#8211; Grab poci\u0119te i po\u0142upane \u2013 320 z\u0142\/mp nasypowy&nbsp;&nbsp;<\/p>\n<p>&#8211; Brzoza, Jesion, Jawor poci\u0119te i po\u0142upane \u2013 270 z\u0142\/mp nasypowy&nbsp;<\/p>\n<p>&#8211; \u015awierk poci\u0119te i po\u0142upane \u2013 150 z\u0142\/mp nasypowy<\/p>\n<p>&nbsp;<\/p>\n<p><strong>Drewno opa\u0142owe metry:<\/strong><\/p>\n<p>&#8211; Buk metry \u2013 250-280 z\u0142\/mp&nbsp;<\/p>\n<p>&#8211; Grab metry \u2013 300 z\u0142\/mp&nbsp;<\/p>\n<p>&#8211; Brzoza, Jesion, Jawor \u2013 250 z\u0142\/mp<\/p>\n<p>&nbsp;<\/p>\n<p>Cena drewna uzale\u017cniona jest od rodzaju drewna, miejsca dostawy i ilo\u015bci jak\u0105 mamy dostarczy\u0107.<\/p>\n<p>Drewno dowozimy&nbsp;do 50 km od Nienadowej (gm. Dubiecko), ma\u0142ymi lekkimi mini ci\u0119\u017car\u00f3wkami lub du\u017cym samochodem, zale\u017cnie od potrzeb. Na dalsze odleg\u0142o\u015bci koszt dostawy ustalamy indywidualnie.<\/p>\n<p>&nbsp;<\/p>\n<p>Oferta w ci\u0105gu roku mo\u017ce ulec zmianie.<\/p>\n<p>Mo\u017cliwo\u015b\u0107 odbioru drewna w\u0142asnym transportem.<\/p>\n<p>Zapraszamy do wsp\u00f3\u0142pracy r\u00f3wnie\u017c klient\u00f3w hurtowych, warunki do uzgodnienia.<\/p>\n<p>Podane w cenniku ceny s\u0105 cenami netto.<\/p>\n","protected":false},"excerpt":{"rendered":"<p>Drewno opa\u0142owe poci\u0119te i po\u0142upane na dowolny wymiar: &#8211; Buk poci\u0119te i po\u0142upane \u2013 300 z\u0142\/mp nasypowy &#8211; Grab poci\u0119te i po\u0142upane \u2013 320 z\u0142\/mp nasypowy&nbsp;&nbsp; &#8211; Brzoza, Jesion, Jawor poci\u0119te i po\u0142upane \u2013 270 z\u0142\/mp nasypowy&nbsp; &#8211; \u015awierk poci\u0119te &hellip; <a href=\"http:\/\/drewnoopalowe.com\/?page_id=14\">Continue reading <span class=\"meta-nav\">&rarr;<\/span><\/a><\/p>\n","protected":false},"author":1,"featured_media":0,"parent":0,"menu_order":0,"comment_status":"closed","ping_status":"closed","template":"","meta":[],"_links":{"self":[{"href":"http:\/\/drewnoopalowe.com\/index.php?rest_route=\/wp\/v2\/pages\/14"}],"collection":[{"href":"http:\/\/drewnoopalowe.com\/index.php?rest_route=\/wp\/v2\/pages"}],"about":[{"href":"http:\/\/drewnoopalowe.com\/index.php?rest_route=\/wp\/v2\/types\/page"}],"author":[{"embeddable":true,"href":"http:\/\/drewnoopalowe.com\/index.php?rest_route=\/wp\/v2\/users\/1"}],"replies":[{"embeddable":true,"href":"http:\/\/drewnoopalowe.com\/index.php?rest_route=%2Fwp%2Fv2%2Fcomments&post=14"}],"version-history":[{"count":32,"href":"http:\/\/drewnoopalowe.com\/index.php?rest_route=\/wp\/v2\/pages\/14\/revisions"}],"predecessor-version":[{"id":227,"href":"http:\/\/drewnoopalowe.com\/index.php?rest_route=\/wp\/v2\/pages\/14\/revisions\/227"}],"wp:attachment":[{"href":"http:\/\/drewnoopalowe.com\/index.php?rest_route=%2Fwp%2Fv2%2Fmedia&parent=14"}],"curies":[{"name":"wp","href":"https:\/\/api.w.org\/{rel}","templated":true}]}}