{"id":12,"date":"2017-05-18T08:20:09","date_gmt":"2017-05-18T08:20:09","guid":{"rendered":"http:\/\/drewnoopalowe.com\/?page_id=12"},"modified":"2022-01-15T08:49:17","modified_gmt":"2022-01-15T08:49:17","slug":"oferta","status":"publish","type":"page","link":"http:\/\/drewnoopalowe.com\/?page_id=12","title":{"rendered":"Oferta"},"content":{"rendered":"<p><strong>TRAK 2<\/strong> oferuje drewno opa\u0142owe w r\u00f3\u017cnej postaci:<\/p>\n<ol>\n<li>Poci\u0119te i po\u0142upane na dowolny wymiar:<\/li>\n<\/ol>\n<p>&nbsp; &nbsp; &nbsp; &nbsp; &nbsp; &nbsp; a). luzem, dostarczane do klienta samochodem wywrotk\u0105<\/p>\n<p>&nbsp; &nbsp; &nbsp; &nbsp; &nbsp; &nbsp; b). pakowane na paletach lub w worki raszlowe<\/p>\n<ol start=\"2\">\n<li>Metry \u2013 jako surowiec opa\u0142owy dostarczany wywrotk\u0105 lub pojazdem z hds.<\/li>\n<\/ol>\n<p>Drewno dowozimy <strong>GRATIS<\/strong> do 50 km od Nienadowej (gm. Dubiecko), ma\u0142ymi lekkimi mini ci\u0119\u017car\u00f3wkami lub du\u017cymi pojazdami zale\u017cnie od potrzeb. Na dalsze odleg\u0142o\u015bci koszt dostawy ustalany&nbsp;jest indywidualnie.<\/p>\n<p><strong>Zapewniamy kr\u00f3tkie terminy realizacji zam\u00f3wie\u0144.<\/strong><\/p>\n<p>&nbsp;<\/p>\n<p>W ofercie zak\u0142adu znajduj\u0105 si\u0119 r\u00f3wnie\u017c wyroby tartaczne suche i \u015bwie\u017ce:<\/p>\n<p>&#8211; tarcica bukowa, jesionowa i d\u0119bowa,<\/p>\n<p>&#8211; fryzy, graniaki i inne elementy drewniane.<\/p>\n<p>Oferowane wyroby suszymy w nowoczesnych suszarniach pr\u00f3\u017cniowych dzi\u0119ki czemu mo\u017cemy zaoferowa\u0107 produkty najwy\u017cszej jako\u015bci.<\/p>\n","protected":false},"excerpt":{"rendered":"<p>TRAK 2 oferuje drewno opa\u0142owe w r\u00f3\u017cnej postaci: Poci\u0119te i po\u0142upane na dowolny wymiar: &nbsp; &nbsp; &nbsp; &nbsp; &nbsp; &nbsp; a). luzem, dostarczane do klienta samochodem wywrotk\u0105 &nbsp; &nbsp; &nbsp; &nbsp; &nbsp; &nbsp; b). pakowane na paletach lub w worki &hellip; <a href=\"http:\/\/drewnoopalowe.com\/?page_id=12\">Continue reading <span class=\"meta-nav\">&rarr;<\/span><\/a><\/p>\n","protected":false},"author":1,"featured_media":0,"parent":0,"menu_order":0,"comment_status":"closed","ping_status":"closed","template":"","meta":[],"_links":{"self":[{"href":"http:\/\/drewnoopalowe.com\/index.php?rest_route=\/wp\/v2\/pages\/12"}],"collection":[{"href":"http:\/\/drewnoopalowe.com\/index.php?rest_route=\/wp\/v2\/pages"}],"about":[{"href":"http:\/\/drewnoopalowe.com\/index.php?rest_route=\/wp\/v2\/types\/page"}],"author":[{"embeddable":true,"href":"http:\/\/drewnoopalowe.com\/index.php?rest_route=\/wp\/v2\/users\/1"}],"replies":[{"embeddable":true,"href":"http:\/\/drewnoopalowe.com\/index.php?rest_route=%2Fwp%2Fv2%2Fcomments&post=12"}],"version-history":[{"count":8,"href":"http:\/\/drewnoopalowe.com\/index.php?rest_route=\/wp\/v2\/pages\/12\/revisions"}],"predecessor-version":[{"id":172,"href":"http:\/\/drewnoopalowe.com\/index.php?rest_route=\/wp\/v2\/pages\/12\/revisions\/172"}],"wp:attachment":[{"href":"http:\/\/drewnoopalowe.com\/index.php?rest_route=%2Fwp%2Fv2%2Fmedia&parent=12"}],"curies":[{"name":"wp","href":"https:\/\/api.w.org\/{rel}","templated":true}]}}